{"id":445,"date":"2024-08-09T06:03:53","date_gmt":"2024-08-09T05:03:53","guid":{"rendered":"https:\/\/conturpmu.nl\/contur-professional\/"},"modified":"2024-12-26T13:25:56","modified_gmt":"2024-12-26T12:25:56","slug":"contur-professional","status":"publish","type":"page","link":"https:\/\/conturpmu.nl\/de\/","title":{"rendered":"Contur Professional"},"content":{"rendered":"\n<div class=\"wp-block-cover alignfull is-light has-custom-content-position is-position-bottom-center extendify-image-import\" style=\"padding-right:var(--wp--preset--spacing--30);padding-left:var(--wp--preset--spacing--30);min-height:80vh;aspect-ratio:unset;\"><span aria-hidden=\"true\" class=\"wp-block-cover__background has-black-background-color has-background-dim-30 has-background-dim\"><\/span><img loading=\"lazy\" decoding=\"async\" width=\"1280\" height=\"981\" class=\"wp-block-cover__image-background wp-image-113\" alt=\"\" src=\"https:\/\/conturpmu.nl\/wp-content\/uploads\/2024\/09\/IMG_0724.jpg\" style=\"object-position:43% 7%\" data-object-fit=\"cover\" data-object-position=\"43% 7%\" srcset=\"https:\/\/conturpmu.nl\/wp-content\/uploads\/2024\/09\/IMG_0724.jpg 1280w, https:\/\/conturpmu.nl\/wp-content\/uploads\/2024\/09\/IMG_0724-600x460.jpg 600w, https:\/\/conturpmu.nl\/wp-content\/uploads\/2024\/09\/IMG_0724-300x230.jpg 300w, https:\/\/conturpmu.nl\/wp-content\/uploads\/2024\/09\/IMG_0724-1024x785.jpg 1024w, https:\/\/conturpmu.nl\/wp-content\/uploads\/2024\/09\/IMG_0724-768x589.jpg 768w\" sizes=\"auto, (max-width: 1280px) 100vw, 1280px\" \/><div class=\"wp-block-cover__inner-container is-layout-flow wp-block-cover-is-layout-flow\">\n<div class=\"wp-block-group has-global-padding is-layout-constrained wp-block-group-is-layout-constrained\" style=\"padding-top:var(--wp--preset--spacing--40);padding-bottom:var(--wp--preset--spacing--60)\">\n<div class=\"wp-block-columns alignwide is-layout-flex wp-container-core-columns-is-layout-9503679e wp-block-columns-is-layout-flex\">\n<div class=\"wp-block-column is-layout-flow wp-block-column-is-layout-flow\" style=\"flex-basis:60%\">\n<h1 class=\"wp-block-heading has-text-align-left has-white-color has-text-color\">Entdecken Sie die Leistung von <span style=\"font-size:1.3em;\">Contur Professional<\/span><\/h1>\n<\/div>\n\n\n\n<div class=\"wp-block-column is-layout-flow wp-block-column-is-layout-flow\" style=\"flex-basis:40%\">\n<p class=\"has-text-align-left has-white-color has-text-color\" style=\"padding-top:var(--wp--preset--spacing--30)\">Entdecken Sie unsere exklusiven Contur Pro Produkte.<\/p>\n\n\n\n<div class=\"wp-block-buttons is-content-justification-left is-layout-flex wp-container-core-buttons-is-layout-3535db69 wp-block-buttons-is-layout-flex\" style=\"margin-top:var(--wp--preset--spacing--30)\">\n<div class=\"wp-block-button has-custom-font-size has-small-font-size\"><a class=\"wp-block-button__link wp-element-button\" href=\"\/de\/shop\/\">Jetzt einkaufen<\/a><\/div>\n<\/div>\n<\/div>\n<\/div>\n<\/div>\n<\/div><\/div>\n\n<div class=\"wp-block-group alignfull has-tertiary-background-color has-background has-global-padding is-layout-constrained wp-container-core-group-is-layout-7276a2bb wp-block-group-is-layout-constrained\" style=\"margin-top:0;margin-bottom:0;padding-top:var(--wp--preset--spacing--60);padding-right:var(--wp--preset--spacing--30);padding-bottom:var(--wp--preset--spacing--60);padding-left:var(--wp--preset--spacing--30)\">\n<h2 class=\"wp-block-heading has-text-align-left has-large-font-size\"><strong>Pigmente f\u00fcr Permanent Make-up  <\/strong><\/h2>\n\n\n\n<div class=\"wp-block-columns alignwide is-layout-flex wp-container-core-columns-is-layout-47c06fe3 wp-block-columns-is-layout-flex\">\n<div class=\"wp-block-column is-layout-flow wp-block-column-is-layout-flow\" style=\"flex-basis:50%\">\n<p><b class=\"has-primary-color has-text-color has-link-color\">CONTUR PROFESSIONAL\u00ae<\/b><\/p>\n\n\n\n<ul class=\"wp-block-list\">\n<li>Die Pigmente f\u00fcr Permanent Make-up sind das Ergebnis jahrelanger intensiver Arbeit und sorgf\u00e4ltiger Beobachtungen von Julia Winner. Diese Pigmente bieten makellose und sch\u00f6ne Farbt\u00f6ne, die sich ideal f\u00fcr die Erstellung hochwertiger und lang anhaltender permanenter Tattoos f\u00fcr Augenbrauen, Augenlider und Lippen eignen. <\/li>\n<\/ul>\n\n\n\n<p><b class=\"has-primary-color has-text-color has-link-color\">CONTUR PROFESSIONAL\u00ae<\/b><\/p>\n\n\n\n<ul class=\"wp-block-list\">\n<li>PIGMENTE F\u00dcR HERVORRAGENDE UND ZUVERL\u00c4SSIGE ERGEBNISSE!<\/li>\n<\/ul>\n<\/div>\n\n\n\n<div class=\"wp-block-column is-layout-flow wp-container-core-column-is-layout-f5bb311e wp-block-column-is-layout-flow\" style=\"flex-basis:50%\">\n<div class=\"wp-block-group has-global-padding is-layout-constrained wp-block-group-is-layout-constrained\">\n<p><b class=\"has-primary-color has-text-color has-link-color\">CONTUR PROFESSIONAL\u00ae<\/b><\/p>\n\n\n\n<ul class=\"wp-block-list\">\n<li>Die Pigmente enthalten pr\u00e4zise aufeinander abgestimmte Komponenten, die zu konsistenten und vorhersehbaren Ergebnissen, hochwertigen R\u00fcckst\u00e4nden und langfristig stabilen Farben f\u00fchren. Diese Eigenschaften sorgen daf\u00fcr, dass Sie sich bei jeder Anwendung auf eine zuverl\u00e4ssige Leistung und beeindruckende Ergebnisse verlassen k\u00f6nnen. <\/li>\n<\/ul>\n\n\n\n<p><b class=\"has-primary-color has-text-color has-link-color\">CONTUR PROFESSIONAL\u00ae<\/b><\/p>\n\n\n\n<ul class=\"wp-block-list\">\n<li>Die Pigmente sind nach der REACH-Norm zertifiziert, d.h. sie entsprechen den strengen europ\u00e4ischen Vorschriften und Sicherheitskriterien.<\/li>\n<\/ul>\n<\/div>\n<\/div>\n<\/div>\n<\/div>\n","protected":false},"excerpt":{"rendered":"<p>Pigmente f\u00fcr Permanent Make-up CONTUR PROFESSIONAL\u00ae CONTUR PROFESSIONAL\u00ae CONTUR PROFESSIONAL\u00ae CONTUR PROFESSIONAL\u00ae<\/p>\n","protected":false},"author":1,"featured_media":0,"parent":0,"menu_order":0,"comment_status":"closed","ping_status":"closed","template":"no-title","meta":{"_acf_changed":false,"footnotes":""},"class_list":["post-445","page","type-page","status-publish","hentry"],"acf":[],"aioseo_notices":[],"_links":{"self":[{"href":"https:\/\/conturpmu.nl\/de\/wp-json\/wp\/v2\/pages\/445","targetHints":{"allow":["GET"]}}],"collection":[{"href":"https:\/\/conturpmu.nl\/de\/wp-json\/wp\/v2\/pages"}],"about":[{"href":"https:\/\/conturpmu.nl\/de\/wp-json\/wp\/v2\/types\/page"}],"author":[{"embeddable":true,"href":"https:\/\/conturpmu.nl\/de\/wp-json\/wp\/v2\/users\/1"}],"replies":[{"embeddable":true,"href":"https:\/\/conturpmu.nl\/de\/wp-json\/wp\/v2\/comments?post=445"}],"version-history":[{"count":4,"href":"https:\/\/conturpmu.nl\/de\/wp-json\/wp\/v2\/pages\/445\/revisions"}],"predecessor-version":[{"id":693,"href":"https:\/\/conturpmu.nl\/de\/wp-json\/wp\/v2\/pages\/445\/revisions\/693"}],"wp:attachment":[{"href":"https:\/\/conturpmu.nl\/de\/wp-json\/wp\/v2\/media?parent=445"}],"curies":[{"name":"wp","href":"https:\/\/api.w.org\/{rel}","templated":true}]}}